{"id":989,"date":"2022-11-24T16:46:57","date_gmt":"2022-11-24T16:46:57","guid":{"rendered":"https:\/\/ivanadeco.com\/?post_type=product&#038;p=989"},"modified":"2022-11-24T16:46:57","modified_gmt":"2022-11-24T16:46:57","slug":"lampara-oriyan","status":"publish","type":"product","link":"https:\/\/ivanadeco.com\/index.php\/producto\/lampara-oriyan\/","title":{"rendered":"L\u00e1mpara Oriyan"},"content":{"rendered":"<p>L\u00e1mpara Oriyan<\/p>\n<p>Fina y Estilizada<\/p>\n<p>Tejida con hilo de algod\u00f3n peinado<\/p>\n<p>Creada de forma 100% artesanal<\/p>\n<p>Tama\u00f1os:<\/p>\n<p>20 x 30 cm<\/p>\n<p>25 x 35 cm<\/p>\n<p>30 x 40 cm<\/p>\n<p>40 x 50 cm<\/p>\n<p>&nbsp;<\/p>\n","protected":false},"excerpt":{"rendered":"<p>L\u00e1mpara Oriyan Fina y Estilizada Tejida con hilo de algod\u00f3n peinado Creada de forma 100% artesanal Tama\u00f1os: 20 x 30 cm 25 x 35 cm 30 x 40 cm 40 x 50 cm &nbsp;<\/p>\n","protected":false},"featured_media":984,"template":"","meta":{"_monsterinsights_skip_tracking":false,"_monsterinsights_sitenote_active":false,"_monsterinsights_sitenote_note":"","_monsterinsights_sitenote_category":0},"product_cat":[25],"product_tag":[],"_links":{"self":[{"href":"https:\/\/ivanadeco.com\/index.php\/wp-json\/wp\/v2\/product\/989"}],"collection":[{"href":"https:\/\/ivanadeco.com\/index.php\/wp-json\/wp\/v2\/product"}],"about":[{"href":"https:\/\/ivanadeco.com\/index.php\/wp-json\/wp\/v2\/types\/product"}],"wp:featuredmedia":[{"embeddable":true,"href":"https:\/\/ivanadeco.com\/index.php\/wp-json\/wp\/v2\/media\/984"}],"wp:attachment":[{"href":"https:\/\/ivanadeco.com\/index.php\/wp-json\/wp\/v2\/media?parent=989"}],"wp:term":[{"taxonomy":"product_cat","embeddable":true,"href":"https:\/\/ivanadeco.com\/index.php\/wp-json\/wp\/v2\/product_cat?post=989"},{"taxonomy":"product_tag","embeddable":true,"href":"https:\/\/ivanadeco.com\/index.php\/wp-json\/wp\/v2\/product_tag?post=989"}],"curies":[{"name":"wp","href":"https:\/\/api.w.org\/{rel}","templated":true}]}}