{"id":992,"date":"2022-11-24T16:50:05","date_gmt":"2022-11-24T16:50:05","guid":{"rendered":"https:\/\/ivanadeco.com\/?post_type=product&#038;p=992"},"modified":"2022-11-24T16:50:05","modified_gmt":"2022-11-24T16:50:05","slug":"lampara-aries","status":"publish","type":"product","link":"https:\/\/ivanadeco.com\/index.php\/producto\/lampara-aries\/","title":{"rendered":"L\u00e1mpara Aries"},"content":{"rendered":"<p>L\u00e1mpara Aries<\/p>\n<ul>\n<li>Hecha 100% artesanalmente.<\/li>\n<li>Hecha de algod\u00f3n peinado.<\/li>\n<li>Incluye kit de electricidad.<\/li>\n<\/ul>\n<p>Tama\u00f1os:<\/p>\n<p>30 x 20 cm<\/p>\n<p>40 x 26 cm<\/p>\n<p>50 x 32 cm<\/p>\n<p>60 x 38 cm<\/p>\n","protected":false},"excerpt":{"rendered":"<p>L\u00e1mpara Aries Hecha 100% artesanalmente. Hecha de algod\u00f3n peinado. Incluye kit de electricidad. Tama\u00f1os: 30 x 20 cm 40 x 26 cm 50 x 32 cm 60 x 38 cm<\/p>\n","protected":false},"featured_media":993,"template":"","meta":{"_monsterinsights_skip_tracking":false,"_monsterinsights_sitenote_active":false,"_monsterinsights_sitenote_note":"","_monsterinsights_sitenote_category":0},"product_cat":[25],"product_tag":[],"_links":{"self":[{"href":"https:\/\/ivanadeco.com\/index.php\/wp-json\/wp\/v2\/product\/992"}],"collection":[{"href":"https:\/\/ivanadeco.com\/index.php\/wp-json\/wp\/v2\/product"}],"about":[{"href":"https:\/\/ivanadeco.com\/index.php\/wp-json\/wp\/v2\/types\/product"}],"wp:featuredmedia":[{"embeddable":true,"href":"https:\/\/ivanadeco.com\/index.php\/wp-json\/wp\/v2\/media\/993"}],"wp:attachment":[{"href":"https:\/\/ivanadeco.com\/index.php\/wp-json\/wp\/v2\/media?parent=992"}],"wp:term":[{"taxonomy":"product_cat","embeddable":true,"href":"https:\/\/ivanadeco.com\/index.php\/wp-json\/wp\/v2\/product_cat?post=992"},{"taxonomy":"product_tag","embeddable":true,"href":"https:\/\/ivanadeco.com\/index.php\/wp-json\/wp\/v2\/product_tag?post=992"}],"curies":[{"name":"wp","href":"https:\/\/api.w.org\/{rel}","templated":true}]}}