{"id":998,"date":"2022-11-24T17:01:56","date_gmt":"2022-11-24T17:01:56","guid":{"rendered":"https:\/\/ivanadeco.com\/?post_type=product&#038;p=998"},"modified":"2022-11-24T17:03:16","modified_gmt":"2022-11-24T17:03:16","slug":"lampara-asia","status":"publish","type":"product","link":"https:\/\/ivanadeco.com\/index.php\/producto\/lampara-asia\/","title":{"rendered":"L\u00e1mpara Asia"},"content":{"rendered":"<p>L\u00e1mpara Asia<\/p>\n<p>Elegantemente R\u00fastica<\/p>\n<p>Hecho 100% artesanalmente<\/p>\n<p>Hecho de cord\u00f3n de Polipropileno<\/p>\n<p>Tama\u00f1os:<\/p>\n<p>40 x 22 cm<\/p>\n<p>50 x 27 cm<\/p>\n<p>&nbsp;<\/p>\n","protected":false},"excerpt":{"rendered":"<p>L\u00e1mpara Asia Elegantemente R\u00fastica Hecho 100% artesanalmente Hecho de cord\u00f3n de Polipropileno Tama\u00f1os: 40 x 22 cm 50 x 27 cm &nbsp;<\/p>\n","protected":false},"featured_media":999,"template":"","meta":{"_monsterinsights_skip_tracking":false,"_monsterinsights_sitenote_active":false,"_monsterinsights_sitenote_note":"","_monsterinsights_sitenote_category":0},"product_cat":[25],"product_tag":[53,30,35,46],"_links":{"self":[{"href":"https:\/\/ivanadeco.com\/index.php\/wp-json\/wp\/v2\/product\/998"}],"collection":[{"href":"https:\/\/ivanadeco.com\/index.php\/wp-json\/wp\/v2\/product"}],"about":[{"href":"https:\/\/ivanadeco.com\/index.php\/wp-json\/wp\/v2\/types\/product"}],"wp:featuredmedia":[{"embeddable":true,"href":"https:\/\/ivanadeco.com\/index.php\/wp-json\/wp\/v2\/media\/999"}],"wp:attachment":[{"href":"https:\/\/ivanadeco.com\/index.php\/wp-json\/wp\/v2\/media?parent=998"}],"wp:term":[{"taxonomy":"product_cat","embeddable":true,"href":"https:\/\/ivanadeco.com\/index.php\/wp-json\/wp\/v2\/product_cat?post=998"},{"taxonomy":"product_tag","embeddable":true,"href":"https:\/\/ivanadeco.com\/index.php\/wp-json\/wp\/v2\/product_tag?post=998"}],"curies":[{"name":"wp","href":"https:\/\/api.w.org\/{rel}","templated":true}]}}